{"id":532,"date":"2017-01-10T23:59:32","date_gmt":"2017-01-10T23:59:32","guid":{"rendered":"http:\/\/import.getbowtied.com\/shopkeeper-replica\/?page_id=532"},"modified":"2017-01-10T23:59:32","modified_gmt":"2017-01-10T23:59:32","slug":"home-classic-2","status":"publish","type":"page","link":"https:\/\/porto3.com.br\/MAKAISHOP\/home-2\/home-classic-2\/","title":{"rendered":"Home \u2014 Classic eCommerce 2"},"content":{"rendered":"<p>[vc_row css_animation=&#8221;fadeIn&#8221; css=&#8221;.vc_custom_1510051829001{margin-bottom: 75px !important;background-image: url(http:\/\/import.getbowtied.com\/shopkeeper-replica\/\/wp-content\/uploads\/home2cover.jpg?id=2836) !important;background-position: center !important;background-repeat: no-repeat !important;background-size: cover !important;}&#8221;][vc_column][vc_column_text css=&#8221;.vc_custom_1510052803359{padding-top: 220px !important;padding-bottom: 220px !important;}&#8221;]<\/p>\n<h6 style=\"text-align: center;\">COMING SOON<\/h6>\n<h1 style=\"text-align: center;\"><span style=\"font-size: 150%;\">The Neutrals<\/span><\/h1>\n<p>[\/vc_column_text][\/vc_column][\/vc_row][vc_row css_animation=&#8221;fadeIn&#8221; type=&#8221;boxed&#8221; css=&#8221;.vc_custom_1487082335567{margin-bottom: 75px !important;}&#8221;][vc_column][vc_column_text css=&#8221;.vc_custom_1484828298584{margin-bottom: 75px !important;}&#8221;]<\/p>\n<h3 style=\"text-align: center;\">Discover Our Brand<\/h3>\n<p style=\"text-align: center;\">Keep scrolling or click the baners below for shortcuts<\/p>\n<p>[\/vc_column_text]<div class=\"row\"><div class=\"categories_grid\">\t\n\t\t\t\t\t<div class=\"category_two_cat_1\">\n\t\t\t\t\t\t<div class=\"category_grid_box\">\n\t\t\t\t\t\t\t<span class=\"category_item_bkg\" style=\"background-image:url()\"><\/span> \n\t\t\t\t\t\t\t<a href=\"https:\/\/porto3.com.br\/MAKAISHOP\/categoria-produto\/ironman\/\" class=\"category_item\" >\n\t\t\t\t\t\t\t\t<span class=\"category_name\">IRONMAN<\/span>\n\t\t\t\t\t\t\t<\/a>\n\t\t\t\t\t\t<\/div>\n\t\t\t\t\t<\/div>\n\t\n\t\t\t\t\t\t\n\t\t\t\t\t<div class=\"category_two_cat_2\">\n\t\t\t\t\t\t<div class=\"category_grid_box\">\n\t\t\t\t\t\t\t<span class=\"category_item_bkg\" style=\"background-image:url()\"><\/span> \n\t\t\t\t\t\t\t<a href=\"https:\/\/porto3.com.br\/MAKAISHOP\/categoria-produto\/sem-categoria\/\" class=\"category_item\" >\n\t\t\t\t\t\t\t\t<span class=\"category_name\">Sem categoria<\/span>\n\t\t\t\t\t\t\t<\/a>\n\t\t\t\t\t\t<\/div>\n\t\t\t\t\t<\/div>\n\t\n\t\t\t\t\t\t\t\t\t\t\t\t\n\t\t\t\t\t<div class=\"clearfix\"><\/div>\n\t\t\t\t\t\t\t\n\t\t\t\t<\/div><\/div>[\/vc_column][\/vc_row][vc_row css_animation=&#8221;fadeIn&#8221; type=&#8221;boxed&#8221; css=&#8221;.vc_custom_1510052273898{margin-bottom: 35px !important;}&#8221;][vc_column][vc_column_text css=&#8221;.vc_custom_1484828381948{margin-bottom: 75px !important;}&#8221;]<\/p>\n<h3 style=\"text-align: center;\">Recent Arrivals<\/h3>\n<p style=\"text-align: center;\">Add our new arrivals to your weekly lineup.<\/p>\n<p>[\/vc_column_text]<div class=\"woocommerce columns-4 \">\n<div class=\"row\">\n\t<div class=\"large-12 columns\">\n\t\t<ul id=\"products-grid\" class=\"row products products-grid small-up-1 medium-up-3 large-up-4 xlarge-up-4 xxlarge-up-4\">\n\n<li class=\"column  display_buttons\">\n   \n\t\t\n\n\t\t\t\t\n\t\t\t\t\n\t\t\t\t\n\t\t<div class=\"product_thumbnail_wrapper \">\n\t\t\t\n\t\t\t<div class=\"product_thumbnail \">\n\t\t\t\t<a href=\"https:\/\/porto3.com.br\/MAKAISHOP\/produto\/triathlon\/\">\n\t\t\t\t\t<span class=\"product_thumbnail_background\" style=\"\"><\/span>\n\t\t\t\t\t<img loading=\"lazy\" decoding=\"async\" width=\"1800\" height=\"1200\" src=\"https:\/\/porto3.com.br\/MAKAISHOP\/wp-content\/uploads\/2023\/05\/CMM-486.jpg\" class=\"attachment-shop_catalog size-shop_catalog wp-post-image\" alt=\"\" srcset=\"https:\/\/porto3.com.br\/MAKAISHOP\/wp-content\/uploads\/2023\/05\/CMM-486.jpg 1800w, https:\/\/porto3.com.br\/MAKAISHOP\/wp-content\/uploads\/2023\/05\/CMM-486-300x200.jpg 300w, https:\/\/porto3.com.br\/MAKAISHOP\/wp-content\/uploads\/2023\/05\/CMM-486-1024x683.jpg 1024w, https:\/\/porto3.com.br\/MAKAISHOP\/wp-content\/uploads\/2023\/05\/CMM-486-768x512.jpg 768w, https:\/\/porto3.com.br\/MAKAISHOP\/wp-content\/uploads\/2023\/05\/CMM-486-1536x1024.jpg 1536w, https:\/\/porto3.com.br\/MAKAISHOP\/wp-content\/uploads\/2023\/05\/CMM-486-30x20.jpg 30w, https:\/\/porto3.com.br\/MAKAISHOP\/wp-content\/uploads\/2023\/05\/CMM-486-600x400.jpg 600w, https:\/\/porto3.com.br\/MAKAISHOP\/wp-content\/uploads\/2023\/05\/CMM-486-1200x800.jpg 1200w, https:\/\/porto3.com.br\/MAKAISHOP\/wp-content\/uploads\/2023\/05\/CMM-486-1500x1000.jpg 1500w\" sizes=\"auto, (max-width: 1800px) 100vw, 1800px\" \/>\t\t\t\t<\/a>\n\t\t\t<\/div><!--.product_thumbnail-->\n\t\t\t\n\t\t\t\t\t\t\t            \t\t\t\n\t\t\t\t\t\t\t            \t\t\t\n\t\t\t\n            \t\t\t\n\t\t<\/div><!--.product_thumbnail_wrapper-->\n\t\t\t\t\n\t\t<h3><a class=\"product-title-link\" href=\"https:\/\/porto3.com.br\/MAKAISHOP\/produto\/triathlon\/\">TRIATHLON<\/a><\/h3>\n\t\t\t\t\n               \n\t\n\t\t<div class=\"product_after_shop_loop  \">\n\t\t\t\n\t\t\t<div class=\"product_after_shop_loop_switcher\">\n\t\t\t\t\n\t\t\t\t\t\t\t\t\t<div class='product_after_shop_loop_price'>\n\t\t\t\t\t\t\n\t<span class=\"price\"><span class=\"from\">A partir de: <\/span><span class=\"woocommerce-Price-amount amount\"><bdi><span class=\"woocommerce-Price-currencySymbol\">&#82;&#36;<\/span>&nbsp;380,00<\/bdi><\/span> <span class=\"subscription-details\"> \/ m\u00eas<\/span><\/span>\n\t\t\t\t\t<\/div>\n\t\t\t\t\n\t\t\t\t\n\t\t\t\t\t\t\t\t\n\t\t\t\t<div class=\"product_after_shop_loop_buttons\">\n\n\t\t\t\t\t\n\t\t\t\t\t<\/a><a href=\"https:\/\/porto3.com.br\/MAKAISHOP\/produto\/triathlon\/\" aria-describedby=\"woocommerce_loop_add_to_cart_link_describedby_102009\" data-quantity=\"1\" class=\"button product_type_variable-subscription add_to_cart_button\" data-product_id=\"102009\" data-product_sku=\"RK06\" aria-label=\"Selecione as op\u00e7\u00f5es para &ldquo;TRIATHLON&rdquo;\" rel=\"nofollow\">Ver op\u00e7\u00f5es<\/a>\t<span id=\"woocommerce_loop_add_to_cart_link_describedby_102009\" class=\"screen-reader-text\">\n\t\tEste produto tem v\u00e1rias variantes. As op\u00e7\u00f5es podem ser escolhidas na p\u00e1gina do produto\t<\/span>\n\t\t\t\t<\/div>\n\n\t\t\t\t\t\t\t\t\n\t\t\t<\/div>\n\t\t\t\n\t\t<\/div>\n\t\n<\/li>\n\n<li class=\"column  display_buttons\">\n   \n\t\t\n\n\t\t\t\t\n\t\t\t\t\n\t\t\t\t\n\t\t<div class=\"product_thumbnail_wrapper \">\n\t\t\t\n\t\t\t<div class=\"product_thumbnail \">\n\t\t\t\t<a href=\"https:\/\/porto3.com.br\/MAKAISHOP\/produto\/duathlon\/\">\n\t\t\t\t\t<span class=\"product_thumbnail_background\" style=\"\"><\/span>\n\t\t\t\t\t<img loading=\"lazy\" decoding=\"async\" width=\"1600\" height=\"898\" src=\"https:\/\/porto3.com.br\/MAKAISHOP\/wp-content\/uploads\/2023\/05\/WhatsApp-Image-2023-05-02-at-20.12.58.jpeg\" class=\"attachment-shop_catalog size-shop_catalog wp-post-image\" alt=\"\" srcset=\"https:\/\/porto3.com.br\/MAKAISHOP\/wp-content\/uploads\/2023\/05\/WhatsApp-Image-2023-05-02-at-20.12.58.jpeg 1600w, https:\/\/porto3.com.br\/MAKAISHOP\/wp-content\/uploads\/2023\/05\/WhatsApp-Image-2023-05-02-at-20.12.58-300x168.jpeg 300w, https:\/\/porto3.com.br\/MAKAISHOP\/wp-content\/uploads\/2023\/05\/WhatsApp-Image-2023-05-02-at-20.12.58-1024x575.jpeg 1024w, https:\/\/porto3.com.br\/MAKAISHOP\/wp-content\/uploads\/2023\/05\/WhatsApp-Image-2023-05-02-at-20.12.58-768x431.jpeg 768w, https:\/\/porto3.com.br\/MAKAISHOP\/wp-content\/uploads\/2023\/05\/WhatsApp-Image-2023-05-02-at-20.12.58-1536x862.jpeg 1536w, https:\/\/porto3.com.br\/MAKAISHOP\/wp-content\/uploads\/2023\/05\/WhatsApp-Image-2023-05-02-at-20.12.58-30x17.jpeg 30w, https:\/\/porto3.com.br\/MAKAISHOP\/wp-content\/uploads\/2023\/05\/WhatsApp-Image-2023-05-02-at-20.12.58-600x337.jpeg 600w, https:\/\/porto3.com.br\/MAKAISHOP\/wp-content\/uploads\/2023\/05\/WhatsApp-Image-2023-05-02-at-20.12.58-1200x674.jpeg 1200w, https:\/\/porto3.com.br\/MAKAISHOP\/wp-content\/uploads\/2023\/05\/WhatsApp-Image-2023-05-02-at-20.12.58-1500x842.jpeg 1500w\" sizes=\"auto, (max-width: 1600px) 100vw, 1600px\" \/>\t\t\t\t<\/a>\n\t\t\t<\/div><!--.product_thumbnail-->\n\t\t\t\n\t\t\t\t\t\t\t            \t\t\t\n\t\t\t\t\t\t\t            \t\t\t\n\t\t\t\n            \t\t\t\n\t\t<\/div><!--.product_thumbnail_wrapper-->\n\t\t\t\t\n\t\t<h3><a class=\"product-title-link\" href=\"https:\/\/porto3.com.br\/MAKAISHOP\/produto\/duathlon\/\">DUAS MODALIDADES<\/a><\/h3>\n\t\t\t\t\n               \n\t\n\t\t<div class=\"product_after_shop_loop  \">\n\t\t\t\n\t\t\t<div class=\"product_after_shop_loop_switcher\">\n\t\t\t\t\n\t\t\t\t\t\t\t\t\t<div class='product_after_shop_loop_price'>\n\t\t\t\t\t\t\n\t<span class=\"price\"><span class=\"from\">A partir de: <\/span><span class=\"woocommerce-Price-amount amount\"><bdi><span class=\"woocommerce-Price-currencySymbol\">&#82;&#36;<\/span>&nbsp;320,00<\/bdi><\/span> <span class=\"subscription-details\"> \/ m\u00eas<\/span><\/span>\n\t\t\t\t\t<\/div>\n\t\t\t\t\n\t\t\t\t\n\t\t\t\t\t\t\t\t\n\t\t\t\t<div class=\"product_after_shop_loop_buttons\">\n\n\t\t\t\t\t\n\t\t\t\t\t<\/a><a href=\"https:\/\/porto3.com.br\/MAKAISHOP\/produto\/duathlon\/\" aria-describedby=\"woocommerce_loop_add_to_cart_link_describedby_108796\" data-quantity=\"1\" class=\"button product_type_variable-subscription add_to_cart_button\" data-product_id=\"108796\" data-product_sku=\"\" aria-label=\"Selecione as op\u00e7\u00f5es para &ldquo;DUAS MODALIDADES&rdquo;\" rel=\"nofollow\">Ver op\u00e7\u00f5es<\/a>\t<span id=\"woocommerce_loop_add_to_cart_link_describedby_108796\" class=\"screen-reader-text\">\n\t\tEste produto tem v\u00e1rias variantes. As op\u00e7\u00f5es podem ser escolhidas na p\u00e1gina do produto\t<\/span>\n\t\t\t\t<\/div>\n\n\t\t\t\t\t\t\t\t\n\t\t\t<\/div>\n\t\t\t\n\t\t<\/div>\n\t\n<\/li>\n\n<li class=\"column  display_buttons\">\n   \n\t\t\n\n\t\t\t\t\n\t\t\t\t\n\t\t\t\t\n\t\t<div class=\"product_thumbnail_wrapper \">\n\t\t\t\n\t\t\t<div class=\"product_thumbnail \">\n\t\t\t\t<a href=\"https:\/\/porto3.com.br\/MAKAISHOP\/produto\/natacao\/\">\n\t\t\t\t\t<span class=\"product_thumbnail_background\" style=\"\"><\/span>\n\t\t\t\t\t<img loading=\"lazy\" decoding=\"async\" width=\"1800\" height=\"1011\" src=\"https:\/\/porto3.com.br\/MAKAISHOP\/wp-content\/uploads\/2023\/05\/SimuladoP3-Andrea-Martins-CorrepraFoto-266.jpg\" class=\"attachment-shop_catalog size-shop_catalog wp-post-image\" alt=\"\" srcset=\"https:\/\/porto3.com.br\/MAKAISHOP\/wp-content\/uploads\/2023\/05\/SimuladoP3-Andrea-Martins-CorrepraFoto-266.jpg 1800w, https:\/\/porto3.com.br\/MAKAISHOP\/wp-content\/uploads\/2023\/05\/SimuladoP3-Andrea-Martins-CorrepraFoto-266-300x169.jpg 300w, https:\/\/porto3.com.br\/MAKAISHOP\/wp-content\/uploads\/2023\/05\/SimuladoP3-Andrea-Martins-CorrepraFoto-266-1024x575.jpg 1024w, https:\/\/porto3.com.br\/MAKAISHOP\/wp-content\/uploads\/2023\/05\/SimuladoP3-Andrea-Martins-CorrepraFoto-266-768x431.jpg 768w, https:\/\/porto3.com.br\/MAKAISHOP\/wp-content\/uploads\/2023\/05\/SimuladoP3-Andrea-Martins-CorrepraFoto-266-1536x863.jpg 1536w, https:\/\/porto3.com.br\/MAKAISHOP\/wp-content\/uploads\/2023\/05\/SimuladoP3-Andrea-Martins-CorrepraFoto-266-30x17.jpg 30w, https:\/\/porto3.com.br\/MAKAISHOP\/wp-content\/uploads\/2023\/05\/SimuladoP3-Andrea-Martins-CorrepraFoto-266-600x337.jpg 600w, https:\/\/porto3.com.br\/MAKAISHOP\/wp-content\/uploads\/2023\/05\/SimuladoP3-Andrea-Martins-CorrepraFoto-266-1200x674.jpg 1200w, https:\/\/porto3.com.br\/MAKAISHOP\/wp-content\/uploads\/2023\/05\/SimuladoP3-Andrea-Martins-CorrepraFoto-266-1500x843.jpg 1500w\" sizes=\"auto, (max-width: 1800px) 100vw, 1800px\" \/>\t\t\t\t<\/a>\n\t\t\t<\/div><!--.product_thumbnail-->\n\t\t\t\n\t\t\t\t\t\t\t            \t\t\t\n\t\t\t\t\t\t\t            \t\t\t\n\t\t\t\n            \t\t\t\n\t\t<\/div><!--.product_thumbnail_wrapper-->\n\t\t\t\t\n\t\t<h3><a class=\"product-title-link\" href=\"https:\/\/porto3.com.br\/MAKAISHOP\/produto\/natacao\/\">NATA\u00c7\u00c3O<\/a><\/h3>\n\t\t\t\t\n               \n\t\n\t\t<div class=\"product_after_shop_loop  \">\n\t\t\t\n\t\t\t<div class=\"product_after_shop_loop_switcher\">\n\t\t\t\t\n\t\t\t\t\t\t\t\t\t<div class='product_after_shop_loop_price'>\n\t\t\t\t\t\t\n\t<span class=\"price\"><span class=\"from\">A partir de: <\/span><span class=\"woocommerce-Price-amount amount\"><bdi><span class=\"woocommerce-Price-currencySymbol\">&#82;&#36;<\/span>&nbsp;120,00<\/bdi><\/span> <span class=\"subscription-details\"> \/ m\u00eas<\/span><\/span>\n\t\t\t\t\t<\/div>\n\t\t\t\t\n\t\t\t\t\n\t\t\t\t\t\t\t\t\n\t\t\t\t<div class=\"product_after_shop_loop_buttons\">\n\n\t\t\t\t\t\n\t\t\t\t\t<\/a><a href=\"https:\/\/porto3.com.br\/MAKAISHOP\/produto\/natacao\/\" aria-describedby=\"woocommerce_loop_add_to_cart_link_describedby_108752\" data-quantity=\"1\" class=\"button product_type_variable-subscription add_to_cart_button\" data-product_id=\"108752\" data-product_sku=\"RK06-1-1\" aria-label=\"Selecione as op\u00e7\u00f5es para &ldquo;NATA\u00c7\u00c3O&rdquo;\" rel=\"nofollow\">Ver op\u00e7\u00f5es<\/a>\t<span id=\"woocommerce_loop_add_to_cart_link_describedby_108752\" class=\"screen-reader-text\">\n\t\tEste produto tem v\u00e1rias variantes. As op\u00e7\u00f5es podem ser escolhidas na p\u00e1gina do produto\t<\/span>\n\t\t\t\t<\/div>\n\n\t\t\t\t\t\t\t\t\n\t\t\t<\/div>\n\t\t\t\n\t\t<\/div>\n\t\n<\/li>\n\n<li class=\"column  display_buttons\">\n   \n\t\t\n\n\t\t\t\t\n\t\t\t\t\n\t\t\t\t\n\t\t<div class=\"product_thumbnail_wrapper \">\n\t\t\t\n\t\t\t<div class=\"product_thumbnail \">\n\t\t\t\t<a href=\"https:\/\/porto3.com.br\/MAKAISHOP\/produto\/ciclismo\/\">\n\t\t\t\t\t<span class=\"product_thumbnail_background\" style=\"\"><\/span>\n\t\t\t\t\t<img loading=\"lazy\" decoding=\"async\" width=\"1800\" height=\"1200\" src=\"https:\/\/porto3.com.br\/MAKAISHOP\/wp-content\/uploads\/2023\/05\/simulados-time-e-tati-porto_CorrepraFoto_Foto_JU_MARTINS_235.jpg\" class=\"attachment-shop_catalog size-shop_catalog wp-post-image\" alt=\"\" srcset=\"https:\/\/porto3.com.br\/MAKAISHOP\/wp-content\/uploads\/2023\/05\/simulados-time-e-tati-porto_CorrepraFoto_Foto_JU_MARTINS_235.jpg 1800w, https:\/\/porto3.com.br\/MAKAISHOP\/wp-content\/uploads\/2023\/05\/simulados-time-e-tati-porto_CorrepraFoto_Foto_JU_MARTINS_235-300x200.jpg 300w, https:\/\/porto3.com.br\/MAKAISHOP\/wp-content\/uploads\/2023\/05\/simulados-time-e-tati-porto_CorrepraFoto_Foto_JU_MARTINS_235-1024x683.jpg 1024w, https:\/\/porto3.com.br\/MAKAISHOP\/wp-content\/uploads\/2023\/05\/simulados-time-e-tati-porto_CorrepraFoto_Foto_JU_MARTINS_235-768x512.jpg 768w, https:\/\/porto3.com.br\/MAKAISHOP\/wp-content\/uploads\/2023\/05\/simulados-time-e-tati-porto_CorrepraFoto_Foto_JU_MARTINS_235-1536x1024.jpg 1536w, https:\/\/porto3.com.br\/MAKAISHOP\/wp-content\/uploads\/2023\/05\/simulados-time-e-tati-porto_CorrepraFoto_Foto_JU_MARTINS_235-30x20.jpg 30w, https:\/\/porto3.com.br\/MAKAISHOP\/wp-content\/uploads\/2023\/05\/simulados-time-e-tati-porto_CorrepraFoto_Foto_JU_MARTINS_235-600x400.jpg 600w, https:\/\/porto3.com.br\/MAKAISHOP\/wp-content\/uploads\/2023\/05\/simulados-time-e-tati-porto_CorrepraFoto_Foto_JU_MARTINS_235-1200x800.jpg 1200w, https:\/\/porto3.com.br\/MAKAISHOP\/wp-content\/uploads\/2023\/05\/simulados-time-e-tati-porto_CorrepraFoto_Foto_JU_MARTINS_235-1500x1000.jpg 1500w\" sizes=\"auto, (max-width: 1800px) 100vw, 1800px\" \/>\t\t\t\t<\/a>\n\t\t\t<\/div><!--.product_thumbnail-->\n\t\t\t\n\t\t\t\t\t\t\t            \t\t\t\n\t\t\t\t\t\t\t            \t\t\t\n\t\t\t\n            \t\t\t\n\t\t<\/div><!--.product_thumbnail_wrapper-->\n\t\t\t\t\n\t\t<h3><a class=\"product-title-link\" href=\"https:\/\/porto3.com.br\/MAKAISHOP\/produto\/ciclismo\/\">CICLISMO<\/a><\/h3>\n\t\t\t\t\n               \n\t\n\t\t<div class=\"product_after_shop_loop  \">\n\t\t\t\n\t\t\t<div class=\"product_after_shop_loop_switcher\">\n\t\t\t\t\n\t\t\t\t\t\t\t\t\t<div class='product_after_shop_loop_price'>\n\t\t\t\t\t\t\n\t<span class=\"price\"><span class=\"from\">A partir de: <\/span><span class=\"woocommerce-Price-amount amount\"><bdi><span class=\"woocommerce-Price-currencySymbol\">&#82;&#36;<\/span>&nbsp;210,00<\/bdi><\/span> <span class=\"subscription-details\"> \/ m\u00eas<\/span><\/span>\n\t\t\t\t\t<\/div>\n\t\t\t\t\n\t\t\t\t\n\t\t\t\t\t\t\t\t\n\t\t\t\t<div class=\"product_after_shop_loop_buttons\">\n\n\t\t\t\t\t\n\t\t\t\t\t<\/a><a href=\"https:\/\/porto3.com.br\/MAKAISHOP\/produto\/ciclismo\/\" aria-describedby=\"woocommerce_loop_add_to_cart_link_describedby_108815\" data-quantity=\"1\" class=\"button product_type_variable-subscription add_to_cart_button\" data-product_id=\"108815\" data-product_sku=\"RK06-1-2\" aria-label=\"Selecione as op\u00e7\u00f5es para &ldquo;CICLISMO&rdquo;\" rel=\"nofollow\">Ver op\u00e7\u00f5es<\/a>\t<span id=\"woocommerce_loop_add_to_cart_link_describedby_108815\" class=\"screen-reader-text\">\n\t\tEste produto tem v\u00e1rias variantes. As op\u00e7\u00f5es podem ser escolhidas na p\u00e1gina do produto\t<\/span>\n\t\t\t\t<\/div>\n\n\t\t\t\t\t\t\t\t\n\t\t\t<\/div>\n\t\t\t\n\t\t<\/div>\n\t\n<\/li>\t\t<\/ul>\n    <\/div><!-- .columns -->\n<\/div><!-- .row --><\/div>[\/vc_column][\/vc_row][vc_row css_animation=&#8221;fadeIn&#8221; type=&#8221;boxed&#8221; css=&#8221;.vc_custom_1510052292123{margin-bottom: 0px !important;}&#8221;][vc_column][vc_column_text css=&#8221;.vc_custom_1510051889716{margin-bottom: 75px !important;}&#8221;]<\/p>\n<h3 style=\"text-align: center;\">2018 Product Lineup<\/h3>\n<p style=\"text-align: center;\">Browse Categories<\/p>\n<p>[\/vc_column_text]<div class=\"row\"><div class=\"categories_grid\">\t\n\t\t\t\t\t<div class=\"category_two_cat_1\">\n\t\t\t\t\t\t<div class=\"category_grid_box\">\n\t\t\t\t\t\t\t<span class=\"category_item_bkg\" style=\"background-image:url()\"><\/span> \n\t\t\t\t\t\t\t<a href=\"https:\/\/porto3.com.br\/MAKAISHOP\/categoria-produto\/sem-categoria\/\" class=\"category_item\" >\n\t\t\t\t\t\t\t\t<span class=\"category_name\">Sem categoria<\/span>\n\t\t\t\t\t\t\t<\/a>\n\t\t\t\t\t\t<\/div>\n\t\t\t\t\t<\/div>\n\t\n\t\t\t\t\t\t\n\t\t\t\t\t<div class=\"category_two_cat_2\">\n\t\t\t\t\t\t<div class=\"category_grid_box\">\n\t\t\t\t\t\t\t<span class=\"category_item_bkg\" style=\"background-image:url()\"><\/span> \n\t\t\t\t\t\t\t<a href=\"https:\/\/porto3.com.br\/MAKAISHOP\/categoria-produto\/ironman\/\" class=\"category_item\" >\n\t\t\t\t\t\t\t\t<span class=\"category_name\">IRONMAN<\/span>\n\t\t\t\t\t\t\t<\/a>\n\t\t\t\t\t\t<\/div>\n\t\t\t\t\t<\/div>\n\t\n\t\t\t\t\t\t\t\t\t\t\t\t\n\t\t\t\t\t<div class=\"clearfix\"><\/div>\n\t\t\t\t\t\t\t\n\t\t\t\t<\/div><\/div>[\/vc_column][\/vc_row][vc_row css_animation=&#8221;fadeIn&#8221; css=&#8221;.vc_custom_1487082369505{padding-top: 75px !important;padding-bottom: 75px !important;}&#8221;][vc_column][vc_column_text]<\/p>\n<h3 style=\"text-align: center;\">Clearance Sales<br \/>\nUp to 70% Off. All Sales are Final!<\/h3>\n<p style=\"text-align: center;\">Last chance to take advantage of our discounts!<\/p>\n<p>[\/vc_column_text][vc_btn title=&#8221;Shop All products&#8221; style=&#8221;classic&#8221; shape=&#8221;square&#8221; color=&#8221;black&#8221; align=&#8221;center&#8221; link=&#8221;url:%23|||&#8221;][\/vc_column][\/vc_row]<\/p>\n","protected":false},"excerpt":{"rendered":"<p>[vc_row css_animation=&#8221;fadeIn&#8221; css=&#8221;.vc_custom_1510051829001{margin-bottom: 75px !important;background-image: url(http:\/\/import.getbowtied.com\/shopkeeper-replica\/\/wp-content\/uploads\/home2cover.jpg?id=2836) !important;background-position: center !important;background-repeat: no-repeat !important;background-size: cover !important;}&#8221;][vc_column][vc_column_text css=&#8221;.vc_custom_1510052803359{padding-top: 220px !important;padding-bottom: 220px !important;}&#8221;] COMING SOON The Neutrals [\/vc_column_text][\/vc_column][\/vc_row][vc_row css_animation=&#8221;fadeIn&#8221; type=&#8221;boxed&#8221; css=&#8221;.vc_custom_1487082335567{margin-bottom: 75px !important;}&#8221;][vc_column][vc_column_text css=&#8221;.vc_custom_1484828298584{margin-bottom: 75px !important;}&#8221;] Discover Our Brand Keep scrolling or click the baners below for shortcuts [\/vc_column_text][\/vc_column][\/vc_row][vc_row css_animation=&#8221;fadeIn&#8221; type=&#8221;boxed&#8221; css=&#8221;.vc_custom_1510052273898{margin-bottom: 35px !important;}&#8221;][vc_column][vc_column_text css=&#8221;.vc_custom_1484828381948{margin-bottom: 75px !important;}&#8221;] Recent Arrivals Add [&hellip;]<\/p>\n","protected":false},"author":1,"featured_media":0,"parent":101977,"menu_order":0,"comment_status":"closed","ping_status":"closed","template":"page-full-width.php","meta":{"footnotes":""},"class_list":["post-532","page","type-page","status-publish","hentry"],"_links":{"self":[{"href":"https:\/\/porto3.com.br\/MAKAISHOP\/wp-json\/wp\/v2\/pages\/532","targetHints":{"allow":["GET"]}}],"collection":[{"href":"https:\/\/porto3.com.br\/MAKAISHOP\/wp-json\/wp\/v2\/pages"}],"about":[{"href":"https:\/\/porto3.com.br\/MAKAISHOP\/wp-json\/wp\/v2\/types\/page"}],"author":[{"embeddable":true,"href":"https:\/\/porto3.com.br\/MAKAISHOP\/wp-json\/wp\/v2\/users\/1"}],"replies":[{"embeddable":true,"href":"https:\/\/porto3.com.br\/MAKAISHOP\/wp-json\/wp\/v2\/comments?post=532"}],"version-history":[{"count":0,"href":"https:\/\/porto3.com.br\/MAKAISHOP\/wp-json\/wp\/v2\/pages\/532\/revisions"}],"up":[{"embeddable":true,"href":"https:\/\/porto3.com.br\/MAKAISHOP\/wp-json\/wp\/v2\/pages\/101977"}],"wp:attachment":[{"href":"https:\/\/porto3.com.br\/MAKAISHOP\/wp-json\/wp\/v2\/media?parent=532"}],"curies":[{"name":"wp","href":"https:\/\/api.w.org\/{rel}","templated":true}]}}