{"id":102009,"date":"2022-01-08T05:34:30","date_gmt":"2022-01-08T08:34:30","guid":{"rendered":"https:\/\/makaibt.com.br\/MAKAISHOP\/?post_type=product&#038;p=102009"},"modified":"2026-04-27T15:38:03","modified_gmt":"2026-04-27T18:38:03","slug":"triathlon","status":"publish","type":"product","link":"https:\/\/porto3.com.br\/MAKAISHOP\/produto\/triathlon\/","title":{"rendered":"TRIATHLON"},"content":{"rendered":"<ul>\n<li>Treinos presenciais de ciclismo e corrida, e prescri\u00e7\u00e3o online de nata\u00e7\u00e3o em piscina no plano regular. A nata\u00e7\u00e3o presencial est\u00e1 inclu\u00edda nos planos AMPDFT.<\/li>\n<li>Treinos de <strong>ciclismo<\/strong>: quartas e sextas das 6h \u00e0s 8h no Parque da Cidade; um domingo por m\u00eas \u00e0s 7h20 em local a combinar.<\/li>\n<li>Treinos de <strong>corrida<\/strong>: ter\u00e7as das 6h30 \u00e0s 8h30 no Parque da Cidade; quintas das 5h40 \u00e0s 7h; e s\u00e1bados das 8h \u00e0s 10h15 no Parque Asa Delta.<\/li>\n<li>Piscina AMPDFT: ter\u00e7a a sexta das 9h \u00e0s 13h30, hor\u00e1rio livre.<\/li>\n<li>Os planos presenciais incluem simulados de triatlo.<\/li>\n<li>Cortesia nos planos presenciais: treino de nata\u00e7\u00e3o em \u00e1guas abertas nos s\u00e1bados, de 7h \u00e0s 8h.<\/li>\n<li>O plano online n\u00e3o inclui treinos presenciais.<\/li>\n<\/ul>\n","protected":false},"excerpt":{"rendered":"<p>Breve Descri\u00e7\u00e3o<\/p>\n","protected":false},"featured_media":108840,"template":"","meta":[],"product_brand":[],"product_cat":[15],"product_tag":[],"class_list":{"0":"post-102009","1":"product","2":"type-product","3":"status-publish","4":"has-post-thumbnail","6":"product_cat-sem-categoria","8":"first","9":"instock","10":"sold-individually","11":"shipping-taxable","12":"purchasable","13":"product-type-variable-subscription"},"_links":{"self":[{"href":"https:\/\/porto3.com.br\/MAKAISHOP\/wp-json\/wp\/v2\/product\/102009","targetHints":{"allow":["GET"]}}],"collection":[{"href":"https:\/\/porto3.com.br\/MAKAISHOP\/wp-json\/wp\/v2\/product"}],"about":[{"href":"https:\/\/porto3.com.br\/MAKAISHOP\/wp-json\/wp\/v2\/types\/product"}],"wp:featuredmedia":[{"embeddable":true,"href":"https:\/\/porto3.com.br\/MAKAISHOP\/wp-json\/wp\/v2\/media\/108840"}],"wp:attachment":[{"href":"https:\/\/porto3.com.br\/MAKAISHOP\/wp-json\/wp\/v2\/media?parent=102009"}],"wp:term":[{"taxonomy":"product_brand","embeddable":true,"href":"https:\/\/porto3.com.br\/MAKAISHOP\/wp-json\/wp\/v2\/product_brand?post=102009"},{"taxonomy":"product_cat","embeddable":true,"href":"https:\/\/porto3.com.br\/MAKAISHOP\/wp-json\/wp\/v2\/product_cat?post=102009"},{"taxonomy":"product_tag","embeddable":true,"href":"https:\/\/porto3.com.br\/MAKAISHOP\/wp-json\/wp\/v2\/product_tag?post=102009"}],"curies":[{"name":"wp","href":"https:\/\/api.w.org\/{rel}","templated":true}]}}