{"id":108734,"date":"2023-03-10T11:25:18","date_gmt":"2023-03-10T14:25:18","guid":{"rendered":"https:\/\/porto3.com.br\/MAKAISHOP\/?post_type=product&#038;p=108734"},"modified":"2026-05-06T10:48:55","modified_gmt":"2026-05-06T13:48:55","slug":"corrida","status":"publish","type":"product","link":"https:\/\/porto3.com.br\/MAKAISHOP\/produto\/corrida\/","title":{"rendered":"CORRIDA"},"content":{"rendered":"<ul><\/ul>\n<ul>\n<li>Treinos presenciais: ter\u00e7as das 6h30 \u00e0s 8h30 no Parque da Cidade; quintas das 5h40 \u00e0s 7h; e s\u00e1bados das 8h \u00e0s 10h15, no Parque Asa Delta.<\/li>\n<li>Os planos presenciais incluem simulados de aquatlo (nata\u00e7\u00e3o em \u00e1guas abertas + corrida).<\/li>\n<li>Cortesia nos planos presenciais: treino de nata\u00e7\u00e3o em \u00e1guas abertas nos s\u00e1bados, de 7h \u00e0s 8h.<\/li>\n<li>O plano online n\u00e3o inclui treinos presenciais.<\/li>\n<\/ul>\n<ul><\/ul>\n","protected":false},"excerpt":{"rendered":"<p>Breve Descri\u00e7\u00e3o<\/p>\n","protected":false},"featured_media":108936,"template":"","meta":[],"product_brand":[],"product_cat":[15],"product_tag":[],"class_list":{"0":"post-108734","1":"product","2":"type-product","3":"status-publish","4":"has-post-thumbnail","6":"product_cat-sem-categoria","8":"first","9":"instock","10":"sold-individually","11":"shipping-taxable","12":"purchasable","13":"product-type-variable-subscription"},"_links":{"self":[{"href":"https:\/\/porto3.com.br\/MAKAISHOP\/wp-json\/wp\/v2\/product\/108734","targetHints":{"allow":["GET"]}}],"collection":[{"href":"https:\/\/porto3.com.br\/MAKAISHOP\/wp-json\/wp\/v2\/product"}],"about":[{"href":"https:\/\/porto3.com.br\/MAKAISHOP\/wp-json\/wp\/v2\/types\/product"}],"wp:featuredmedia":[{"embeddable":true,"href":"https:\/\/porto3.com.br\/MAKAISHOP\/wp-json\/wp\/v2\/media\/108936"}],"wp:attachment":[{"href":"https:\/\/porto3.com.br\/MAKAISHOP\/wp-json\/wp\/v2\/media?parent=108734"}],"wp:term":[{"taxonomy":"product_brand","embeddable":true,"href":"https:\/\/porto3.com.br\/MAKAISHOP\/wp-json\/wp\/v2\/product_brand?post=108734"},{"taxonomy":"product_cat","embeddable":true,"href":"https:\/\/porto3.com.br\/MAKAISHOP\/wp-json\/wp\/v2\/product_cat?post=108734"},{"taxonomy":"product_tag","embeddable":true,"href":"https:\/\/porto3.com.br\/MAKAISHOP\/wp-json\/wp\/v2\/product_tag?post=108734"}],"curies":[{"name":"wp","href":"https:\/\/api.w.org\/{rel}","templated":true}]}}