{"id":108752,"date":"2023-03-21T10:24:58","date_gmt":"2023-03-21T13:24:58","guid":{"rendered":"https:\/\/porto3.com.br\/MAKAISHOP\/?post_type=product&#038;p=108752"},"modified":"2026-03-31T02:38:55","modified_gmt":"2026-03-31T05:38:55","slug":"natacao","status":"publish","type":"product","link":"https:\/\/porto3.com.br\/MAKAISHOP\/produto\/natacao\/","title":{"rendered":"NATA\u00c7\u00c3O"},"content":{"rendered":"<ul>\n<li>Treinos para pessoas de qualquer n\u00edvel, seja para sa\u00fade e qualidade de vida, seja para performance em triatlo ou maratona aqu\u00e1tica. Fazemos tamb\u00e9m prepara\u00e7\u00e3o para TAF.<\/li>\n<li>Piscina AMPDFT: ter\u00e7a a sexta das 9h \u00e0s 13h30, hor\u00e1rio livre.<\/li>\n<li>Cortesia: qualquer plano no Clube AMPDFT inclui o treino de nata\u00e7\u00e3o em \u00e1guas abertas aos s\u00e1bados.<\/li>\n<li>Desconto especial para associados e conveniados do Clube AMPDFT.<\/li>\n<li>\u00c1guas abertas: todo s\u00e1bado de 7h \u00e0s 8h no Parque Asa Delta.<\/li>\n<li>Prescri\u00e7\u00e3o online: planilhas individualizadas enviadas semanalmente pelo app TrainingPeaks, sem acesso aos treinos presenciais no clube.<\/li>\n<\/ul>\n","protected":false},"excerpt":{"rendered":"<p>Breve Descri\u00e7\u00e3o<\/p>\n","protected":false},"featured_media":108893,"template":"","meta":[],"product_brand":[],"product_cat":[15],"product_tag":[],"class_list":{"0":"post-108752","1":"product","2":"type-product","3":"status-publish","4":"has-post-thumbnail","6":"product_cat-sem-categoria","8":"first","9":"instock","10":"shipping-taxable","11":"purchasable","12":"product-type-variable-subscription","13":"has-default-attributes"},"_links":{"self":[{"href":"https:\/\/porto3.com.br\/MAKAISHOP\/wp-json\/wp\/v2\/product\/108752","targetHints":{"allow":["GET"]}}],"collection":[{"href":"https:\/\/porto3.com.br\/MAKAISHOP\/wp-json\/wp\/v2\/product"}],"about":[{"href":"https:\/\/porto3.com.br\/MAKAISHOP\/wp-json\/wp\/v2\/types\/product"}],"wp:featuredmedia":[{"embeddable":true,"href":"https:\/\/porto3.com.br\/MAKAISHOP\/wp-json\/wp\/v2\/media\/108893"}],"wp:attachment":[{"href":"https:\/\/porto3.com.br\/MAKAISHOP\/wp-json\/wp\/v2\/media?parent=108752"}],"wp:term":[{"taxonomy":"product_brand","embeddable":true,"href":"https:\/\/porto3.com.br\/MAKAISHOP\/wp-json\/wp\/v2\/product_brand?post=108752"},{"taxonomy":"product_cat","embeddable":true,"href":"https:\/\/porto3.com.br\/MAKAISHOP\/wp-json\/wp\/v2\/product_cat?post=108752"},{"taxonomy":"product_tag","embeddable":true,"href":"https:\/\/porto3.com.br\/MAKAISHOP\/wp-json\/wp\/v2\/product_tag?post=108752"}],"curies":[{"name":"wp","href":"https:\/\/api.w.org\/{rel}","templated":true}]}}